{"id":3,"date":"2023-02-12T16:29:43","date_gmt":"2023-02-12T15:29:43","guid":{"rendered":"http:\/\/therapeutefamiliale79et85.fr\/?page_id=3"},"modified":"2023-03-30T10:24:41","modified_gmt":"2023-03-30T08:24:41","slug":"politique-de-confidentialite","status":"publish","type":"page","link":"https:\/\/therapeutefamiliale79et85.fr\/index.php\/politique-de-confidentialite\/","title":{"rendered":"Mentions l\u00e9gales"},"content":{"rendered":"\n<h2 class=\"wp-block-heading\">Qui sommes-nous&nbsp;?<\/h2>\n\n\n\n<p>L\u2019adresse de notre site est&nbsp;: http:\/\/therapeutefamiliale79et85.fr.<\/p>\n\n\n\n<p>Ce site internet appartient \u00e0 Val\u00e9rie Vairon : 06 31 93 43 19 valerievairon@wanadoo.fr. Num\u00e9ro de Siren : 921362547\u00a0<\/p>\n\n\n\n<p>Elle en est la responsable de publication. <\/p>\n\n\n\n<p>Ce site internet est h\u00e9berg\u00e9 chez OVH : https:\/\/www.ovhcloud.com\/fr\/web-hosting\/<\/p>\n\n\n\n<p>Ce site internet a \u00e9t\u00e9 cr\u00e9\u00e9 par Ana\u00efs Fonsin : 06 95 47 53 35 anais.fonsin@gmail.com<\/p>\n\n\n\n<h2 class=\"wp-block-heading\">M\u00e9dias<\/h2>\n\n\n\n<p>Les images de ce site sont libres de droit mais proviennent du site Freepik.<\/p>\n\n\n\n<h2 class=\"wp-block-heading\">Contenu embarqu\u00e9 depuis d\u2019autres sites<\/h2>\n\n\n\n<p>Les articles de ce site peuvent inclure des contenus int\u00e9gr\u00e9s (par exemple des vid\u00e9os, images, articles\u2026). Le contenu int\u00e9gr\u00e9 depuis d\u2019autres sites se comporte de la m\u00eame mani\u00e8re que si le visiteur se rendait sur cet autre site.<\/p>\n\n\n\n<p>Ces sites web pourraient collecter des donn\u00e9es sur vous, utiliser des cookies, embarquer des outils de suivis tiers, suivre vos interactions avec ces contenus embarqu\u00e9s si vous disposez d\u2019un compte connect\u00e9 sur leur site web.<\/p>\n\n\n\n<p><\/p>\n","protected":false},"excerpt":{"rendered":"<p>Qui sommes-nous&nbsp;? L\u2019adresse de notre site est&nbsp;: http:\/\/therapeutefamiliale79et85.fr. Ce site internet appartient \u00e0 Val\u00e9rie Vairon : 06 31 93 43 19 valerievairon@wanadoo.fr. Num\u00e9ro de Siren : 921362547\u00a0 Elle en est la responsable de publication. Ce site internet est h\u00e9berg\u00e9 chez OVH : https:\/\/www.ovhcloud.com\/fr\/web-hosting\/ Ce site internet a \u00e9t\u00e9 cr\u00e9\u00e9 par Ana\u00efs Fonsin : 06 95 [&hellip;]<\/p>\n","protected":false},"author":1,"featured_media":0,"parent":0,"menu_order":0,"comment_status":"closed","ping_status":"open","template":"","meta":{"footnotes":""},"class_list":["post-3","page","type-page","status-publish","hentry"],"yoast_head":"<!-- This site is optimized with the Yoast SEO plugin v23.6 - https:\/\/yoast.com\/wordpress\/plugins\/seo\/ -->\n<title>Mentions l\u00e9gales - Therapeute familiale 79 et 85<\/title>\n<meta name=\"robots\" content=\"index, follow, max-snippet:-1, max-image-preview:large, max-video-preview:-1\" \/>\n<link rel=\"canonical\" href=\"https:\/\/therapeutefamiliale79et85.fr\/index.php\/politique-de-confidentialite\/\" \/>\n<meta property=\"og:locale\" content=\"fr_FR\" \/>\n<meta property=\"og:type\" content=\"article\" \/>\n<meta property=\"og:title\" content=\"Mentions l\u00e9gales - Therapeute familiale 79 et 85\" \/>\n<meta property=\"og:description\" content=\"Qui sommes-nous&nbsp;? L\u2019adresse de notre site est&nbsp;: http:\/\/therapeutefamiliale79et85.fr. Ce site internet appartient \u00e0 Val\u00e9rie Vairon : 06 31 93 43 19 valerievairon@wanadoo.fr. Num\u00e9ro de Siren : 921362547\u00a0 Elle en est la responsable de publication. Ce site internet est h\u00e9berg\u00e9 chez OVH : https:\/\/www.ovhcloud.com\/fr\/web-hosting\/ Ce site internet a \u00e9t\u00e9 cr\u00e9\u00e9 par Ana\u00efs Fonsin : 06 95 [&hellip;]\" \/>\n<meta property=\"og:url\" content=\"https:\/\/therapeutefamiliale79et85.fr\/index.php\/politique-de-confidentialite\/\" \/>\n<meta property=\"og:site_name\" content=\"Therapeute familiale 79 et 85\" \/>\n<meta property=\"article:modified_time\" content=\"2023-03-30T08:24:41+00:00\" \/>\n<meta name=\"twitter:card\" content=\"summary_large_image\" \/>\n<meta name=\"twitter:label1\" content=\"Dur\u00e9e de lecture estim\u00e9e\" \/>\n\t<meta name=\"twitter:data1\" content=\"1 minute\" \/>\n<script type=\"application\/ld+json\" class=\"yoast-schema-graph\">{\"@context\":\"https:\/\/schema.org\",\"@graph\":[{\"@type\":\"WebPage\",\"@id\":\"https:\/\/therapeutefamiliale79et85.fr\/index.php\/politique-de-confidentialite\/\",\"url\":\"https:\/\/therapeutefamiliale79et85.fr\/index.php\/politique-de-confidentialite\/\",\"name\":\"Mentions l\u00e9gales - Therapeute familiale 79 et 85\",\"isPartOf\":{\"@id\":\"https:\/\/therapeutefamiliale79et85.fr\/#website\"},\"datePublished\":\"2023-02-12T15:29:43+00:00\",\"dateModified\":\"2023-03-30T08:24:41+00:00\",\"breadcrumb\":{\"@id\":\"https:\/\/therapeutefamiliale79et85.fr\/index.php\/politique-de-confidentialite\/#breadcrumb\"},\"inLanguage\":\"fr-FR\",\"potentialAction\":[{\"@type\":\"ReadAction\",\"target\":[\"https:\/\/therapeutefamiliale79et85.fr\/index.php\/politique-de-confidentialite\/\"]}]},{\"@type\":\"BreadcrumbList\",\"@id\":\"https:\/\/therapeutefamiliale79et85.fr\/index.php\/politique-de-confidentialite\/#breadcrumb\",\"itemListElement\":[{\"@type\":\"ListItem\",\"position\":1,\"name\":\"Accueil\",\"item\":\"https:\/\/therapeutefamiliale79et85.fr\/\"},{\"@type\":\"ListItem\",\"position\":2,\"name\":\"Mentions l\u00e9gales\"}]},{\"@type\":\"WebSite\",\"@id\":\"https:\/\/therapeutefamiliale79et85.fr\/#website\",\"url\":\"https:\/\/therapeutefamiliale79et85.fr\/\",\"name\":\"Therapeute familiale 79 et 85\",\"description\":\"Th\u00e9rapie de couple ou en famille en Deux S\u00e8vres et Vend\u00e9e\",\"publisher\":{\"@id\":\"https:\/\/therapeutefamiliale79et85.fr\/#organization\"},\"alternateName\":\"Th\u00e9rapeute familiale 79 et 85\",\"potentialAction\":[{\"@type\":\"SearchAction\",\"target\":{\"@type\":\"EntryPoint\",\"urlTemplate\":\"https:\/\/therapeutefamiliale79et85.fr\/?s={search_term_string}\"},\"query-input\":{\"@type\":\"PropertyValueSpecification\",\"valueRequired\":true,\"valueName\":\"search_term_string\"}}],\"inLanguage\":\"fr-FR\"},{\"@type\":\"Organization\",\"@id\":\"https:\/\/therapeutefamiliale79et85.fr\/#organization\",\"name\":\"Therapeute familiale 79 et 85\",\"url\":\"https:\/\/therapeutefamiliale79et85.fr\/\",\"logo\":{\"@type\":\"ImageObject\",\"inLanguage\":\"fr-FR\",\"@id\":\"https:\/\/therapeutefamiliale79et85.fr\/#\/schema\/logo\/image\/\",\"url\":\"https:\/\/therapeutefamiliale79et85.fr\/wp-content\/uploads\/2023\/02\/cropped-Capture-decran-2022-11-26-a-18.26.41-1.png\",\"contentUrl\":\"https:\/\/therapeutefamiliale79et85.fr\/wp-content\/uploads\/2023\/02\/cropped-Capture-decran-2022-11-26-a-18.26.41-1.png\",\"width\":550,\"height\":598,\"caption\":\"Therapeute familiale 79 et 85\"},\"image\":{\"@id\":\"https:\/\/therapeutefamiliale79et85.fr\/#\/schema\/logo\/image\/\"}}]}<\/script>\n<!-- \/ Yoast SEO plugin. -->","yoast_head_json":{"title":"Mentions l\u00e9gales - Therapeute familiale 79 et 85","robots":{"index":"index","follow":"follow","max-snippet":"max-snippet:-1","max-image-preview":"max-image-preview:large","max-video-preview":"max-video-preview:-1"},"canonical":"https:\/\/therapeutefamiliale79et85.fr\/index.php\/politique-de-confidentialite\/","og_locale":"fr_FR","og_type":"article","og_title":"Mentions l\u00e9gales - Therapeute familiale 79 et 85","og_description":"Qui sommes-nous&nbsp;? L\u2019adresse de notre site est&nbsp;: http:\/\/therapeutefamiliale79et85.fr. Ce site internet appartient \u00e0 Val\u00e9rie Vairon : 06 31 93 43 19 valerievairon@wanadoo.fr. Num\u00e9ro de Siren : 921362547\u00a0 Elle en est la responsable de publication. Ce site internet est h\u00e9berg\u00e9 chez OVH : https:\/\/www.ovhcloud.com\/fr\/web-hosting\/ Ce site internet a \u00e9t\u00e9 cr\u00e9\u00e9 par Ana\u00efs Fonsin : 06 95 [&hellip;]","og_url":"https:\/\/therapeutefamiliale79et85.fr\/index.php\/politique-de-confidentialite\/","og_site_name":"Therapeute familiale 79 et 85","article_modified_time":"2023-03-30T08:24:41+00:00","twitter_card":"summary_large_image","twitter_misc":{"Dur\u00e9e de lecture estim\u00e9e":"1 minute"},"schema":{"@context":"https:\/\/schema.org","@graph":[{"@type":"WebPage","@id":"https:\/\/therapeutefamiliale79et85.fr\/index.php\/politique-de-confidentialite\/","url":"https:\/\/therapeutefamiliale79et85.fr\/index.php\/politique-de-confidentialite\/","name":"Mentions l\u00e9gales - Therapeute familiale 79 et 85","isPartOf":{"@id":"https:\/\/therapeutefamiliale79et85.fr\/#website"},"datePublished":"2023-02-12T15:29:43+00:00","dateModified":"2023-03-30T08:24:41+00:00","breadcrumb":{"@id":"https:\/\/therapeutefamiliale79et85.fr\/index.php\/politique-de-confidentialite\/#breadcrumb"},"inLanguage":"fr-FR","potentialAction":[{"@type":"ReadAction","target":["https:\/\/therapeutefamiliale79et85.fr\/index.php\/politique-de-confidentialite\/"]}]},{"@type":"BreadcrumbList","@id":"https:\/\/therapeutefamiliale79et85.fr\/index.php\/politique-de-confidentialite\/#breadcrumb","itemListElement":[{"@type":"ListItem","position":1,"name":"Accueil","item":"https:\/\/therapeutefamiliale79et85.fr\/"},{"@type":"ListItem","position":2,"name":"Mentions l\u00e9gales"}]},{"@type":"WebSite","@id":"https:\/\/therapeutefamiliale79et85.fr\/#website","url":"https:\/\/therapeutefamiliale79et85.fr\/","name":"Therapeute familiale 79 et 85","description":"Th\u00e9rapie de couple ou en famille en Deux S\u00e8vres et Vend\u00e9e","publisher":{"@id":"https:\/\/therapeutefamiliale79et85.fr\/#organization"},"alternateName":"Th\u00e9rapeute familiale 79 et 85","potentialAction":[{"@type":"SearchAction","target":{"@type":"EntryPoint","urlTemplate":"https:\/\/therapeutefamiliale79et85.fr\/?s={search_term_string}"},"query-input":{"@type":"PropertyValueSpecification","valueRequired":true,"valueName":"search_term_string"}}],"inLanguage":"fr-FR"},{"@type":"Organization","@id":"https:\/\/therapeutefamiliale79et85.fr\/#organization","name":"Therapeute familiale 79 et 85","url":"https:\/\/therapeutefamiliale79et85.fr\/","logo":{"@type":"ImageObject","inLanguage":"fr-FR","@id":"https:\/\/therapeutefamiliale79et85.fr\/#\/schema\/logo\/image\/","url":"https:\/\/therapeutefamiliale79et85.fr\/wp-content\/uploads\/2023\/02\/cropped-Capture-decran-2022-11-26-a-18.26.41-1.png","contentUrl":"https:\/\/therapeutefamiliale79et85.fr\/wp-content\/uploads\/2023\/02\/cropped-Capture-decran-2022-11-26-a-18.26.41-1.png","width":550,"height":598,"caption":"Therapeute familiale 79 et 85"},"image":{"@id":"https:\/\/therapeutefamiliale79et85.fr\/#\/schema\/logo\/image\/"}}]}},"_links":{"self":[{"href":"https:\/\/therapeutefamiliale79et85.fr\/index.php\/wp-json\/wp\/v2\/pages\/3","targetHints":{"allow":["GET"]}}],"collection":[{"href":"https:\/\/therapeutefamiliale79et85.fr\/index.php\/wp-json\/wp\/v2\/pages"}],"about":[{"href":"https:\/\/therapeutefamiliale79et85.fr\/index.php\/wp-json\/wp\/v2\/types\/page"}],"author":[{"embeddable":true,"href":"https:\/\/therapeutefamiliale79et85.fr\/index.php\/wp-json\/wp\/v2\/users\/1"}],"replies":[{"embeddable":true,"href":"https:\/\/therapeutefamiliale79et85.fr\/index.php\/wp-json\/wp\/v2\/comments?post=3"}],"version-history":[{"count":0,"href":"https:\/\/therapeutefamiliale79et85.fr\/index.php\/wp-json\/wp\/v2\/pages\/3\/revisions"}],"wp:attachment":[{"href":"https:\/\/therapeutefamiliale79et85.fr\/index.php\/wp-json\/wp\/v2\/media?parent=3"}],"curies":[{"name":"wp","href":"https:\/\/api.w.org\/{rel}","templated":true}]}}